{"id":11,"date":"2018-10-13T13:20:16","date_gmt":"2018-10-13T11:20:16","guid":{"rendered":"http:\/\/www.zbrojnica.sk\/2018\/?page_id=11"},"modified":"2025-11-12T15:02:57","modified_gmt":"2025-11-12T14:02:57","slug":"uvodna-stranka","status":"publish","type":"page","link":"https:\/\/www.zbrojnica.sk\/2018\/","title":{"rendered":""},"content":{"rendered":"<div><\/div>\n<div class=\"n2-has-copy n2-code n2-ss-slider-shortcode-id\"><\/div>\n<p><span style=\"color: #000000;\">Pr\u00edjemn\u00e9 <strong>nefaj\u010diarske prostredie<\/strong> a <strong>kvalitn\u00e9 slu\u017eby<\/strong>.<\/span><\/p>\n<p><span style=\"color: #000000;\">Pon\u00fakame <strong>dom\u00e1cu kuchy\u0148u<\/strong> &#8211; polievky a hotov\u00e9 jedl\u00e1 pod\u013ea dennej ponuky, jedl\u00e1 na objedn\u00e1vku, pod\u00e1vame <strong>ra\u0148ajky, obedy, ve\u010dere<\/strong>.<\/span><\/p>\n<p><span style=\"color: #000000;\">Jednu z najlep\u0161\u00edch p\u00edzz na svete pripraven\u00fa pod\u013ea p\u00f4vodn\u00e9ho tur\u00ednskeho receptu.<\/span><\/p>\n<p><span style=\"color: #000000;\">Sme <strong>ide\u00e1lnym miestom<\/strong> pre:<\/span><\/p>\n<ul>\n<li><span style=\"color: #000000;\">spolo\u010densk\u00e9 podujatia, oslavy va\u0161ich naroden\u00edn, rodinn\u00e9 akcie, svadby, krstiny, prom\u00f3cie, kary, stu\u017ekov\u00e9\u2026<\/span><\/li>\n<li><span style=\"color: #000000;\">firemn\u00e9 stretnutia, \u0161kolenia, z\u00e1bavn\u00e9 programy, plesy, akcie pri pr\u00edle\u017eitosti r\u00f4znych jubile\u00ed\u2026<\/span><\/li>\n<\/ul>\n<p><span style=\"color: #000000;\">Priprav\u00edme V\u00e1m nielen v\u00fdborn\u00e9 jedlo, ale aj <strong>sl\u00e1vnostn\u00e9 prestieranie<\/strong> a <strong>v\u00fdzdobu<\/strong>. V\u0161etko pod\u013ea va\u0161ich \u017eelan\u00ed a po\u017eiadaviek. Pon\u00fakame<strong> ozvu\u010denie Va\u0161ich akci\u00ed<\/strong>.<\/span><\/p>\n<p><span style=\"color: #000000;\">N\u00e1jdete u n\u00e1s ve\u013ek\u00e9\u00a0<strong>detsk\u00e9 ihrisko <\/strong>a<strong> detsk\u00fd k\u00fatik.<\/strong><\/span><\/p>\n<p><span style=\"color: #000000;\">Pon\u00fakame YOGU pod veden\u00edm certifikovanej in\u0161truktorky (<a style=\"color: #000000;\" href=\"http:\/\/www.zbrojnica.sk\/2018\/joga\/\">viac inform\u00e1ci\u00ed tu<\/a>).<\/span><\/p>\n<p><span style=\"color: #000000;\"><strong>Pros\u00edme\u00a0<\/strong>cten\u00fdch z\u00e1kazn\u00edkov,\u00a0ktor\u00ed k n\u00e1m prich\u00e1dzaj\u00fa vo <strong>ve\u013ek\u00fdch skupin\u00e1ch, autobusov\u00e9 z\u00e1jazdy<\/strong> a podobne, aby sa ohl\u00e1sili telefonicky vopred, aby sme mohli zabezpe\u010di\u0165 plynul\u00fd chod prev\u00e1dzky. Ve\u013emi radi V\u00e1m vyjdeme v \u00fastrety cenou , zabezpe\u010d\u00edme pre V\u00e1s miesto a aj obsluha bude r\u00fdchlej\u0161ia ak si dohodnete konzum\u00e1ciu vopred. Sta\u010d\u00ed zavola\u0165 z autobusu, alebo najlep\u0161ie de\u0148 vopred. \u010eakujeme.<\/span><\/p>\n<p><span style=\"color: #000000;\">Te\u0161\u00edme sa na Va\u0161u n\u00e1v\u0161tevu.<\/span><\/p>\n","protected":false},"excerpt":{"rendered":"<p>Pr\u00edjemn\u00e9 nefaj\u010diarske prostredie a kvalitn\u00e9 slu\u017eby. Pon\u00fakame dom\u00e1cu kuchy\u0148u &#8211; polievky a hotov\u00e9 jedl\u00e1 pod\u013ea dennej ponuky, jedl\u00e1 na objedn\u00e1vku, pod\u00e1vame ra\u0148ajky, obedy, ve\u010dere. Jednu&hellip;<\/p>\n","protected":false},"author":1,"featured_media":0,"parent":0,"menu_order":0,"comment_status":"closed","ping_status":"closed","template":"","meta":[],"_links":{"self":[{"href":"https:\/\/www.zbrojnica.sk\/2018\/wp-json\/wp\/v2\/pages\/11"}],"collection":[{"href":"https:\/\/www.zbrojnica.sk\/2018\/wp-json\/wp\/v2\/pages"}],"about":[{"href":"https:\/\/www.zbrojnica.sk\/2018\/wp-json\/wp\/v2\/types\/page"}],"author":[{"embeddable":true,"href":"https:\/\/www.zbrojnica.sk\/2018\/wp-json\/wp\/v2\/users\/1"}],"replies":[{"embeddable":true,"href":"https:\/\/www.zbrojnica.sk\/2018\/wp-json\/wp\/v2\/comments?post=11"}],"version-history":[{"count":22,"href":"https:\/\/www.zbrojnica.sk\/2018\/wp-json\/wp\/v2\/pages\/11\/revisions"}],"predecessor-version":[{"id":495,"href":"https:\/\/www.zbrojnica.sk\/2018\/wp-json\/wp\/v2\/pages\/11\/revisions\/495"}],"wp:attachment":[{"href":"https:\/\/www.zbrojnica.sk\/2018\/wp-json\/wp\/v2\/media?parent=11"}],"curies":[{"name":"wp","href":"https:\/\/api.w.org\/{rel}","templated":true}]}}