{"id":13,"date":"2018-10-13T13:20:16","date_gmt":"2018-10-13T11:20:16","guid":{"rendered":"http:\/\/www.zbrojnica.sk\/2018\/?page_id=13"},"modified":"2023-03-05T17:52:03","modified_gmt":"2023-03-05T16:52:03","slug":"kontakt","status":"publish","type":"page","link":"https:\/\/www.zbrojnica.sk\/2018\/kontakt\/","title":{"rendered":"Kontakt"},"content":{"rendered":"<p><img loading=\"lazy\" class=\"aligncenter wp-image-249 size-large\" src=\"http:\/\/www.zbrojnica.sk\/2018\/wp-content\/uploads\/2019\/09\/mapa5-1024x389.jpg\" alt=\"\" width=\"843\" height=\"320\" srcset=\"https:\/\/www.zbrojnica.sk\/2018\/wp-content\/uploads\/2019\/09\/mapa5-1024x389.jpg 1024w, https:\/\/www.zbrojnica.sk\/2018\/wp-content\/uploads\/2019\/09\/mapa5-300x114.jpg 300w, https:\/\/www.zbrojnica.sk\/2018\/wp-content\/uploads\/2019\/09\/mapa5-768x292.jpg 768w, https:\/\/www.zbrojnica.sk\/2018\/wp-content\/uploads\/2019\/09\/mapa5.jpg 1576w\" sizes=\"(max-width: 843px) 100vw, 843px\" \/><span style=\"color: #000000;\">Re\u0161taur\u00e1cia a pizz\u00e9ria ZBROJNICA<\/span><br \/>\n<span style=\"color: #000000;\">Ul. Mieru 68\/70<\/span><br \/>\n<span style=\"color: #000000;\">985 11 Hali\u010d<\/span><\/p>\n<p><span style=\"color: #000000;\">Objedn\u00e1vky pizze, rezerv\u00e1cia stolov: <strong>047 4392122<\/strong><\/span><br \/>\n<span style=\"color: #000000;\">Objedn\u00e1vky akci\u00ed a podujat\u00ed: <strong>0911 880008<\/strong><\/span><\/p>\n<p><span style=\"color: #000000;\">e\u2013mail: zbrojnica@zbrojnica.s<\/span><\/p>\n<h3><span style=\"color: #000000;\">Na\u0161u aktu\u00e1lnu OTV\u00c1RACIU DOBU n\u00e1jdete na:<\/span><\/h3>\n<h3><a href=\"https:\/\/www.facebook.com\/Zbrojnica\/\"><span style=\"color: #ff0000;\"><strong>https:\/\/www.facebook.com\/Zbrojnica\/<\/strong><\/span><\/a><\/h3>\n","protected":false},"excerpt":{"rendered":"<p>Re\u0161taur\u00e1cia a pizz\u00e9ria ZBROJNICA Ul. Mieru 68\/70 985 11 Hali\u010d Objedn\u00e1vky pizze, rezerv\u00e1cia stolov: 047 4392122 Objedn\u00e1vky akci\u00ed a podujat\u00ed: 0911 880008 e\u2013mail: zbrojnica@zbrojnica.s Na\u0161u&hellip;<\/p>\n","protected":false},"author":1,"featured_media":137,"parent":0,"menu_order":0,"comment_status":"closed","ping_status":"closed","template":"","meta":[],"_links":{"self":[{"href":"https:\/\/www.zbrojnica.sk\/2018\/wp-json\/wp\/v2\/pages\/13"}],"collection":[{"href":"https:\/\/www.zbrojnica.sk\/2018\/wp-json\/wp\/v2\/pages"}],"about":[{"href":"https:\/\/www.zbrojnica.sk\/2018\/wp-json\/wp\/v2\/types\/page"}],"author":[{"embeddable":true,"href":"https:\/\/www.zbrojnica.sk\/2018\/wp-json\/wp\/v2\/users\/1"}],"replies":[{"embeddable":true,"href":"https:\/\/www.zbrojnica.sk\/2018\/wp-json\/wp\/v2\/comments?post=13"}],"version-history":[{"count":15,"href":"https:\/\/www.zbrojnica.sk\/2018\/wp-json\/wp\/v2\/pages\/13\/revisions"}],"predecessor-version":[{"id":493,"href":"https:\/\/www.zbrojnica.sk\/2018\/wp-json\/wp\/v2\/pages\/13\/revisions\/493"}],"wp:featuredmedia":[{"embeddable":true,"href":"https:\/\/www.zbrojnica.sk\/2018\/wp-json\/wp\/v2\/media\/137"}],"wp:attachment":[{"href":"https:\/\/www.zbrojnica.sk\/2018\/wp-json\/wp\/v2\/media?parent=13"}],"curies":[{"name":"wp","href":"https:\/\/api.w.org\/{rel}","templated":true}]}}