{"id":36,"date":"2018-10-13T20:26:41","date_gmt":"2018-10-13T18:26:41","guid":{"rendered":"http:\/\/www.zbrojnica.sk\/2018\/?page_id=36"},"modified":"2025-11-12T15:03:48","modified_gmt":"2025-11-12T14:03:48","slug":"jedlo","status":"publish","type":"page","link":"https:\/\/www.zbrojnica.sk\/2018\/jedlo\/","title":{"rendered":"Jedlo"},"content":{"rendered":"<p><span style=\"color: #000000;\"><strong>AKTU\u00c1LNA PONUKA:<\/strong><\/span><\/p>\n<h1><span style=\"color: #ff0000;\"><strong>Aktu\u00e1lne jed\u00e1lne l\u00edstky a ponuky n\u00e1jdete aj na <a style=\"color: #ff0000;\" href=\"https:\/\/www.facebook.com\/Zbrojnica\/\">https:\/\/www.facebook.com\/Zbrojnica\/<\/a><\/strong><\/span><\/h1>\n<p><span style=\"color: #000000;\">Okrem t\u00fd\u017edennej ponuky jed\u00e1l si m\u00f4\u017eete objedna\u0165 aj pizze z n\u00e1\u0161ho be\u017en\u00e9ho jed\u00e1lneho l\u00edstka.\u00a0<\/span><\/p>\n","protected":false},"excerpt":{"rendered":"<p>AKTU\u00c1LNA PONUKA: Aktu\u00e1lne jed\u00e1lne l\u00edstky a ponuky n\u00e1jdete aj na https:\/\/www.facebook.com\/Zbrojnica\/ Okrem t\u00fd\u017edennej ponuky jed\u00e1l si m\u00f4\u017eete objedna\u0165 aj pizze z n\u00e1\u0161ho be\u017en\u00e9ho jed\u00e1lneho l\u00edstka.\u00a0<\/p>\n","protected":false},"author":1,"featured_media":0,"parent":0,"menu_order":0,"comment_status":"closed","ping_status":"closed","template":"","meta":[],"_links":{"self":[{"href":"https:\/\/www.zbrojnica.sk\/2018\/wp-json\/wp\/v2\/pages\/36"}],"collection":[{"href":"https:\/\/www.zbrojnica.sk\/2018\/wp-json\/wp\/v2\/pages"}],"about":[{"href":"https:\/\/www.zbrojnica.sk\/2018\/wp-json\/wp\/v2\/types\/page"}],"author":[{"embeddable":true,"href":"https:\/\/www.zbrojnica.sk\/2018\/wp-json\/wp\/v2\/users\/1"}],"replies":[{"embeddable":true,"href":"https:\/\/www.zbrojnica.sk\/2018\/wp-json\/wp\/v2\/comments?post=36"}],"version-history":[{"count":33,"href":"https:\/\/www.zbrojnica.sk\/2018\/wp-json\/wp\/v2\/pages\/36\/revisions"}],"predecessor-version":[{"id":496,"href":"https:\/\/www.zbrojnica.sk\/2018\/wp-json\/wp\/v2\/pages\/36\/revisions\/496"}],"wp:attachment":[{"href":"https:\/\/www.zbrojnica.sk\/2018\/wp-json\/wp\/v2\/media?parent=36"}],"curies":[{"name":"wp","href":"https:\/\/api.w.org\/{rel}","templated":true}]}}